{"id":2,"date":"2020-03-17T16:55:14","date_gmt":"2020-03-17T15:55:14","guid":{"rendered":"http:\/\/www.besserezeiten.at\/battlegroup\/?page_id=2"},"modified":"2025-05-15T07:22:49","modified_gmt":"2025-05-15T05:22:49","slug":"ueber-uns","status":"publish","type":"page","link":"https:\/\/www.besserezeiten.at\/battlegroup\/ueber-uns\/","title":{"rendered":"\u00dcBER UNS"},"content":{"rendered":"<p>Die <strong>battlegroup for art<\/strong> versteht sich als loser Zusammenschluss (ohne Vereinsstruktur) von Interessenvertretungen und Plattformen der freien, zeitgen\u00f6ssischen Szenen in Innsbruck:<\/p>\n<ul>\n<li style=\"list-style-type: none;\">\n<ul>\n<li style=\"list-style-type: none;\">\n<ul>\n<li><a href=\"https:\/\/aut.cc\/\">aut. architektur und tirol<\/a><\/li>\n<li><a href=\"http:\/\/www.diametrale.at\/\">DIAMETRALE Filmfestival<\/a> (<a href=\"http:\/\/www.film-festivals.at\/\">Forum \u00d6sterreichischer Filmfestivals<\/a>)<\/li>\n<li><a href=\"https:\/\/www.igautorinnenautorentirol.at\/\">IG Autorinnen Autoren Tirol<\/a><\/li>\n<li><a href=\"https:\/\/www.igautorinnenautorentirol.at\/\">IG Freie Musikschaffende<\/a><\/li>\n<li><a href=\"https:\/\/freietheater.at\/\">IG Freie Theater Tirol<\/a><\/li>\n<li><a href=\"https:\/\/www.kuveti.at\/\">K\u00fcnstler:innen Vereinigung Tiro<\/a>l und <a href=\"https:\/\/www.buchsenhausen.at\/\">K\u00fcnstler:innenhaus B\u00fcchsenhausen<\/a><\/li>\n<li><a href=\"https:\/\/www.leokino.at\/\">Leokino\u2022Cinematograph<\/a> (<a href=\"https:\/\/www.programmkino.at\/\">IG Programmkino<\/a>)<\/li>\n<li><a href=\"https:\/\/www.literaturhaus-am-inn.at\/\">Literaturhaus am Inn<\/a> &amp; <a href=\"https:\/\/literaturtirol.at\/kalender\">Literaturkalender Tirol<\/a><\/li>\n<li><a href=\"https:\/\/pmk.or.at\/\">p.m.k Plattform mobile Kulturinitiativen<\/a><\/li>\n<li><a href=\"https:\/\/www.tki.at\">TKI Tiroler Kulturinitiativen<\/a><\/li>\n<li><a href=\"https:\/\/www.freirad.at\/\">FREIRAD<\/a> (<a href=\"https:\/\/www.freier-rundfunk.at\/index.html\">verband freier rundfunk \u00f6sterreich<\/a>)<\/li>\n<li><a href=\"https:\/\/www.weissraum.at\">WEI SRAUM Designforum Tirol<\/a><\/li>\n<\/ul>\n<\/li>\n<\/ul>\n<\/li>\n<\/ul>\n<p>Seit 2004 besch\u00e4ftigt sich die battlegroup for art kontinuierlich mit der Kulturstadt Innsbruck. Ihr Anliegen ist es, in Kooperation <strong>die freien Szenen st\u00e4rker sichtbar zu machen<\/strong>, die <strong>existenzielle Lage von K\u00fcnstler*innen<\/strong> zu thematisieren, auf kulturpolitische Probleme und Anliegen aufmerksam zu machen und Konzepte zu entwickeln, die <strong>den k\u00fcnstlerischen und kulturellen Potenzialen dieser Stadt Raum und Pr\u00e4senz geben<\/strong>.<\/p>\n<p><span class=\"fontstyle0\">Die Mitglieder der <em>battlegroup for art<\/em> arbeiten solidarisch im Sinne einer positiven Kulturentwicklung in Innsbruck und verfolgen innerhalb der <em>battlegroup for art<\/em> keine Einzelinteressen. Ihr Engagement in der Gruppe erfolgt ehrenamtlich oder im Rahmen ihrer hauptamtlichen Kulturprojekte.<\/span><\/p>\n<h3>Chronologie<\/h3>\n<p><strong>2025<\/strong><\/p>\n<ul>\n<li>10. Arbeitskonferenz: \u201eDie Bedeutung von Kulturarbeit der freien Szene\u201c<\/li>\n<\/ul>\n<p><strong>2023<\/strong><\/p>\n<ul>\n<li>9. Arbeitskonferenz: \u201eEin Kulturbeirat f\u00fcr Innsbruck?\u201c<\/li>\n<li>Plakatkampagne anl\u00e4sslich der Gemeinderatswahl \u201eDas ganz ganz neue Innsbruck\u201c<\/li>\n<\/ul>\n<p><strong>2022<\/strong><\/p>\n<ul>\n<li>COV-19-Plakatkampagne \u201eEndlich wieder Kultur!\u201c<\/li>\n<li>Podiumsdiskussion \u201eKulturpolitik \u2013 (k)ein wichtiges Thema?\u201c<\/li>\n<\/ul>\n<p><strong>2020<\/strong><\/p>\n<ul>\n<li>Plakatkampagne \u201eEndlich wieder Kultur!\u201c<\/li>\n<li>8. Arbeitskonferenz \u201ePay the Artist now! Ein kulturpolitisches Wochenende\u201c<\/li>\n<\/ul>\n<p><strong>2018<\/strong><\/p>\n<ul>\n<li>Siebente Arbeitskonferenz am 12. Oktober zum Thema \u201eKulturentwicklung ist Stadtentwicklung\u201c mit den G\u00e4sten Michael Wimmer (Kulturwissenschafter, edocult) und Thomas Philipp (LIquA)<\/li>\n<li><a href=\"...\/2018-kulturkann\">#kulturkann<\/a> \u2013 Kampagne der battlegroup for art anl\u00e4sslich der Gemeinderatswahlen in Innsbruck und der Landtagswahlen in Tirol: Postkartenaktion und Website mit Statements von<br \/>\nKulturpolitikerInnen aller wahlwerbenden Parteien, Bild- und Videostatements von Kunst- und Kulturschaffenden sowie mit Ausz\u00fcgen aus Wahlprogrammen<strong>.<\/strong><\/li>\n<\/ul>\n<p><strong>2016 \u2013 2017<br \/>\n<\/strong><\/p>\n<ul>\n<li>Forum StadtKultur \u2013 Vorschlag und Konzept zur Einrichtung eines beratenden Gremiums in Innsbruck mit dem Ziel eines kontinuierlichen und strukturierten Dialogs zwischen Kulturpolitik, Kulturamt, Amt f\u00fcr Stadtplanung, Kunst\/Kultur und Wissenschaft, um gemeinsam an der kulturellen Entwicklung der Stadt Innsbruck zu arbeiten. Leider nicht realisiert.<\/li>\n<li>Evaluierung der stadt_potenziale durch die FH Kufstein und Adaptierungen des F\u00f6rdertopfes unter Einbeziehung der battlegroup for art<\/li>\n<\/ul>\n<p><strong>2013 \u2013 2015<\/strong><\/p>\n<ul>\n<li>bestOFF \u2013 PR Konzept f\u00fcr die freien Szenen in Innsbruck Vorschl\u00e4ge f\u00fcr eine h\u00f6here Sichtbarkeit der freien Szenen in Innsbruck im Sinne von alpin-urban, sowohl f\u00fcr G\u00e4ste als auch vor Ort Lebende. Angedacht: Imagekampagne, APP, Drucksorte, Button im Eventkalender der Stadt u.a.<br \/>\nWeiters: Einrichtung einer Koordinationsstelle f\u00fcr die freien Szenen in Innsbruck<br \/>\nLeider nicht realisiert.<\/li>\n<li>F\u00fcnf Jahre <a href=\"https:\/\/stadtpotenziale.at\" target=\"_blank\" rel=\"noopener noreferrer\">stadt_potenziale<\/a>: Konzeption und Umsetzung einer Website mit umfassenden Informationen zum F\u00f6rdertopf, Ausschreibung, Kriterien, Jury, aktuellen Projekten &amp; Archiv<br \/>\nFest: 5 Jahre stadt_potenziale<\/li>\n<\/ul>\n<p><strong>2008 \u2013 2010<\/strong><\/p>\n<ul>\n<li>Sechste Arbeitskonferenz \u201eReflexion, Status Quo und m\u00f6gliche Perspektiven f\u00fcr freie Kulturarbeit in Innsbruck\u201c und Reflexion \u00fcber bisherige Ergebnisse. Aus dem Prozess der battlegroup for art sind indirekt hervorgegangen:<br \/>\n&#8211; Theaterfestival Theater trifft<br \/>\n&#8211; Neue R\u00e4ume f\u00fcr die freie Theaterszene \u2013 sp\u00e4ter Freies Theater Innsbruck<br \/>\n&#8211; Konzeption der \u201eB\u00e4ckerei &#8211; Kulturbackstube\u201c<\/li>\n<li>\u00d6ffentliche Pr\u00e4sentation des Projekts \u201eRaumforschung &#8211; Kulturraum in Innsbruck\u201c. Ergebnisse k\u00f6nnen hier eingesehen werden: <a href=\"\/battlegroup\/files\/Raumforschung_Ergebnisse_080907.pdf\" target=\"_blank\" rel=\"noopener noreferrer\">Download PDF (2,3 MB)<\/a><\/li>\n<li>F\u00fcnfte Arbeitskonferenz \u201eRaumnutzungsbedingungen und Raumnot f\u00fcr Veranstaltungen und Projekte der freien Kulturszenen\u201c \u2013 Pr\u00e4sentation der R\u00e4ume-Recherche<\/li>\n<\/ul>\n<p><strong>2007<\/strong><\/p>\n<ul>\n<li><span class=\"fontstyle0\">Vierte Arbeitskonferenz \u201eDer \u00f6ffentliche Raum der Stadt als Kulturraum\u201c, Beschluss der Erweiterung des Rechercheprojekts in Form einer Erhebung zum Thema \u201eKulturraum in Innsbruck\u201c<\/span><\/li>\n<li>Erste Ausschreibung der <a href=\"https:\/\/stadtpotenziale.at\" target=\"_blank\" rel=\"noopener noreferrer\">stadt_potenziale<\/a> dotiert mit 70.000 Euro<\/li>\n<li>Dritte Arbeitskonferenz zum Schwerpunktthema \u201eF\u00f6rdertopf der Stadt Innsbruck \u2013 Impulstopf f\u00fcr die freie Szene\u201c, Vorstellung des Konzeptentwurfes und Beschluss der Ausschreibung des neuen F\u00f6rdertopfes noch im Jahr 2007. Auftrag: Ausarbeitung der Ausschreibung in Zusammenarbeit von Kulturamt und battlegroup for art<\/li>\n<li>\u00d6ffentliche Abschluss-Pr\u00e4sentation von \u201eb\u00e6ttle research\u201c &#8211; alle drei Module: Stadtplan-Plakat &amp; MPreis-Tragetasche. Das Handbuch kann hier runtergeladen werden: <a href=\"\/battlegroup\/files\/baettle-research_HandBuch.pdf\" target=\"_blank\" rel=\"noopener noreferrer\">Download PDF (300 KB)<\/a><\/li>\n<li><span class=\"fontstyle0\">Durchf\u00fchrung des Rechercheprojektes \u201eb\u00e6ttle research. Daten, Fakten, Perspektiven zu Innsbrucks freien Kulturszenen\u201c<\/span> (Beginn 2005)<\/li>\n<\/ul>\n<p><strong>2004 \u2013 2006<\/strong><\/p>\n<ul>\n<li>Durchf\u00fchrung des Rechercheprojektes \u201eb\u00e6ttle research. Daten, Fakten, Perspektiven zu Innsbrucks freien Kulturszenen\u201c<\/li>\n<li>Erste Aktion der battlegroup for art \u201eKultur ist Arbeit\u201c \u2013 Thematisierung der schwierigen Arbeitssituation im Kulturbereich, Plakataktion und \u00d6ffentlichkeitsarbeit zum \u201eTag der Arbeit\u201c<\/li>\n<li>Ank\u00fcndigung einer \u201eKulturoffensive\u201c durch B\u00fcrgermeisterin und Kulturreferentin Hilde Zach<\/li>\n<li>Gr\u00fcndung der b\u00e6ttlegroup for art in Folge der TKI Veranstaltung \u201eKultur.Stadt.Innsbruck?\u201c am 29.11.2004 in der p.m.k<\/li>\n<\/ul>\n<p><strong>\u00a0<\/strong><\/p>\n<p>&nbsp;<\/p>\n<p>&nbsp;<\/p>\n","protected":false},"excerpt":{"rendered":"<p>Die battlegroup for art versteht sich als loser Zusammenschluss (ohne Vereinsstruktur) von Interessenvertretungen und Plattformen der freien, zeitgen\u00f6ssischen Szenen in Innsbruck: aut. architektur und tirol DIAMETRALE Filmfestival (Forum \u00d6sterreichischer Filmfestivals) IG Autorinnen Autoren Tirol IG Freie Musikschaffende IG Freie Theater Tirol K\u00fcnstler:innen Vereinigung Tirol und K\u00fcnstler:innenhaus B\u00fcchsenhausen Leokino\u2022Cinematograph (IG Programmkino) Literaturhaus am Inn &amp; Literaturkalender [&hellip;]<\/p>\n","protected":false},"author":1,"featured_media":0,"parent":0,"menu_order":0,"comment_status":"closed","ping_status":"closed","template":"","meta":{"footnotes":""},"class_list":["post-2","page","type-page","status-publish","hentry","missing-thumbnail"],"rttpg_featured_image_url":null,"rttpg_author":{"display_name":false,"author_link":"https:\/\/www.besserezeiten.at\/battlegroup\/author\/battlegroup\/"},"rttpg_comment":0,"rttpg_category":null,"rttpg_excerpt":"Die battlegroup for art versteht sich als loser Zusammenschluss (ohne Vereinsstruktur) von Interessenvertretungen und Plattformen der freien, zeitgen\u00f6ssischen Szenen in Innsbruck: aut. architektur und tirol DIAMETRALE Filmfestival (Forum \u00d6sterreichischer Filmfestivals) IG Autorinnen Autoren Tirol IG Freie Musikschaffende IG Freie Theater Tirol K\u00fcnstler:innen Vereinigung Tirol und K\u00fcnstler:innenhaus B\u00fcchsenhausen Leokino\u2022Cinematograph (IG Programmkino) Literaturhaus am Inn &amp; Literaturkalender&hellip;","_links":{"self":[{"href":"https:\/\/www.besserezeiten.at\/battlegroup\/wp-json\/wp\/v2\/pages\/2","targetHints":{"allow":["GET"]}}],"collection":[{"href":"https:\/\/www.besserezeiten.at\/battlegroup\/wp-json\/wp\/v2\/pages"}],"about":[{"href":"https:\/\/www.besserezeiten.at\/battlegroup\/wp-json\/wp\/v2\/types\/page"}],"author":[{"embeddable":true,"href":"https:\/\/www.besserezeiten.at\/battlegroup\/wp-json\/wp\/v2\/users\/1"}],"replies":[{"embeddable":true,"href":"https:\/\/www.besserezeiten.at\/battlegroup\/wp-json\/wp\/v2\/comments?post=2"}],"version-history":[{"count":21,"href":"https:\/\/www.besserezeiten.at\/battlegroup\/wp-json\/wp\/v2\/pages\/2\/revisions"}],"predecessor-version":[{"id":496,"href":"https:\/\/www.besserezeiten.at\/battlegroup\/wp-json\/wp\/v2\/pages\/2\/revisions\/496"}],"wp:attachment":[{"href":"https:\/\/www.besserezeiten.at\/battlegroup\/wp-json\/wp\/v2\/media?parent=2"}],"curies":[{"name":"wp","href":"https:\/\/api.w.org\/{rel}","templated":true}]}}