{"id":3,"date":"2020-03-17T16:55:14","date_gmt":"2020-03-17T15:55:14","guid":{"rendered":"http:\/\/www.besserezeiten.at\/battlegroup\/?page_id=3"},"modified":"2020-10-05T09:37:22","modified_gmt":"2020-10-05T07:37:22","slug":"datenschutzerklaerung","status":"publish","type":"page","link":"https:\/\/www.besserezeiten.at\/battlegroup\/datenschutzerklaerung\/","title":{"rendered":"Datenschutzerkl\u00e4rung"},"content":{"rendered":"<div class=\"description absolute-center\">\n<h2 class=\"heading1\">Datenschutzerkl\u00e4rung DSGVO<\/h2>\n<\/div>\n<p><strong>Informationen zur Speicherung und Verarbeitung personenbezogener Daten durch battlegroupforart<\/strong><\/p>\n<p>Personenbezogene Daten werden von uns mit entsprechender Sorgfalt und auf Grundlage der gesetzlichen Bestimmungen (DSGVO, TKG 2003 &amp; DSG 2018) verarbeitet. In dieser Datenschutzerkl\u00e4rung informieren wir Sie \u00fcber die wichtigsten Aspekte der Datenverarbeitung im Rahmen des Kontakts mit uns.<\/p>\n<p><strong>Cookies<\/strong><\/p>\n<p>Unsere Website verwendet so genannte Cookies. Dabei handelt es sich um kleine Textdateien, die mit Hilfe des Browsers auf Ihrem Endger\u00e4t abgelegt werden. Sie richten keinen Schaden an. Wir nutzen Cookies dazu, unser Angebot nutzerfreundlich zu gestalten. Einige Cookies bleiben auf Ihrem Endger\u00e4t gespeichert, bis Sie diese l\u00f6schen. Sie erm\u00f6glichen es uns, Ihren Browser beim n\u00e4chsten Besuch wiederzuerkennen. Wenn Sie dies nicht w\u00fcnschen, so k\u00f6nnen Sie Ihren Browser so einrichten, dass er Sie \u00fcber das Setzen von Cookies informiert und Sie dies nur im Einzelfall erlauben. Bei der Deaktivierung von Cookies kann die Funktionalit\u00e4t unserer Website eingeschr\u00e4nkt sein.<\/p>\n<p><strong>Web-Analyse<\/strong><\/p>\n<p>Unsere Website verwendet Funktionen des Webanalysedienstes Google-Analytics von Google Inc., 1600 Amphitheatre Parkway, Mountain View, CA 94043, USA, (\u201eGoogle\u201c). Die Analyse der Nutzung unserer Website wird durch Cookies erm\u00f6glicht. Die dadurch erzeugten Informationen werden auf den Server des Anbieters \u00fcbertragen und dort gespeichert. Ihre IP-Adresse wird erfasst, aber umgehend pseudonymisiert. Dadurch ist kein gezielter R\u00fcckschluss auf die einzelnen Website Besucher\/innen mehr m\u00f6glich. Die Nutzung des Dienstes beruht auf der Datenschutzerkl\u00e4rung von Google, die Sie <a href=\"https:\/\/www.google.com\/intl\/de\/policies\/privacy\/\">hier<\/a> einsehen k\u00f6nnen. Google hat sich nach dem US-Privacy Shield zertifiziert und entspricht damit den rechtlichen Bedingungen als Dienstleister aus einem Drittland nach EU-DSGVO.<\/p>\n<p><strong>E-Mail<\/strong><\/p>\n<p>Wenn Sie per E-Mail Kontakt mit uns aufnehmen, werden Ihre angegebenen Daten zwecks Bearbeitung der Anfrage und f\u00fcr den Fall von Anschlussfragen bis zu 7 Jahre bei uns gespeichert und dann gel\u00f6scht. Sie werden nicht automatisch in unsere Adressdatenbank \u00fcbernommen und nicht ohne direkte R\u00fcckfrage an Dritte weitergegeben.<\/p>\n<p><strong>Vimeo<\/strong><\/p>\n<p>Unsere Webseite nutzt Plugins der Seite Vimeo. Wenn Sie eine unserer mit einem Vimeo-Plugin ausgestatteten Seiten besuchen, wird eine Verbindung zu den Servern von Vimeo hergestellt. Dabei wird dem Vimeo-Server mitgeteilt, welche unserer Seiten Sie besucht haben. Wenn Sie in Ihrem pers\u00f6nlichen Vimeo-Account eingeloggt sind erm\u00f6glichen Sie Vimeo, Ihr Surfverhalten direkt Ihrem pers\u00f6nlichen Profil zuzuordnen. Dies k\u00f6nnen Sie verhindern, indem Sie sich aus Ihrem Vimeo-Account ausloggen. N\u00e4heres finde Sie in der <a href=\"https:\/\/vimeo.com\/privacy\">Datenschutzerkl\u00e4rung von Vimeo<\/a>.<\/p>\n<p><strong>Ihre Rechte<\/strong><\/p>\n<p>Ihnen stehen grunds\u00e4tzlich die Rechte auf Auskunft, Berichtigung, L\u00f6schung, Einschr\u00e4nkung, Daten\u00fcbertragbarkeit, Widerruf und Widerspruch zu. Wenn Sie glauben, dass die Verarbeitung Ihrer Daten gegen das Datenschutzrecht verst\u00f6\u00dft oder Ihre datenschutzrechtlichen Anspr\u00fcche sonst in einer Weise verletzt worden sind, k\u00f6nnen Sie sich bei der Aufsichtsbeh\u00f6rde beschweren. In \u00d6sterreich ist dies die Datenschutzbeh\u00f6rde.<\/p>\n<p>\u00d6sterreichische Datenschutzbeh\u00f6rde<br \/>\nWickenburggasse 8<br \/>\n1080 Wien<br \/>\nTelefon: +43 1 52 152-0<br \/>\n<a href=\"https:\/\/www.dsb.gv.at\/kontakt\">Website<\/a><\/p>\n","protected":false},"excerpt":{"rendered":"<p>Datenschutzerkl\u00e4rung DSGVO Informationen zur Speicherung und Verarbeitung personenbezogener Daten durch battlegroupforart Personenbezogene Daten werden von uns mit entsprechender Sorgfalt und auf Grundlage der gesetzlichen Bestimmungen (DSGVO, TKG 2003 &amp; DSG 2018) verarbeitet. In dieser Datenschutzerkl\u00e4rung informieren wir Sie \u00fcber die wichtigsten Aspekte der Datenverarbeitung im Rahmen des Kontakts mit uns. Cookies Unsere Website verwendet so [&hellip;]<\/p>\n","protected":false},"author":1,"featured_media":0,"parent":0,"menu_order":0,"comment_status":"closed","ping_status":"closed","template":"","meta":{"footnotes":""},"class_list":["post-3","page","type-page","status-publish","hentry","missing-thumbnail"],"rttpg_featured_image_url":null,"rttpg_author":{"display_name":false,"author_link":"https:\/\/www.besserezeiten.at\/battlegroup\/author\/battlegroup\/"},"rttpg_comment":0,"rttpg_category":null,"rttpg_excerpt":"Datenschutzerkl\u00e4rung DSGVO Informationen zur Speicherung und Verarbeitung personenbezogener Daten durch battlegroupforart Personenbezogene Daten werden von uns mit entsprechender Sorgfalt und auf Grundlage der gesetzlichen Bestimmungen (DSGVO, TKG 2003 &amp; DSG 2018) verarbeitet. In dieser Datenschutzerkl\u00e4rung informieren wir Sie \u00fcber die wichtigsten Aspekte der Datenverarbeitung im Rahmen des Kontakts mit uns. Cookies Unsere Website verwendet so&hellip;","_links":{"self":[{"href":"https:\/\/www.besserezeiten.at\/battlegroup\/wp-json\/wp\/v2\/pages\/3","targetHints":{"allow":["GET"]}}],"collection":[{"href":"https:\/\/www.besserezeiten.at\/battlegroup\/wp-json\/wp\/v2\/pages"}],"about":[{"href":"https:\/\/www.besserezeiten.at\/battlegroup\/wp-json\/wp\/v2\/types\/page"}],"author":[{"embeddable":true,"href":"https:\/\/www.besserezeiten.at\/battlegroup\/wp-json\/wp\/v2\/users\/1"}],"replies":[{"embeddable":true,"href":"https:\/\/www.besserezeiten.at\/battlegroup\/wp-json\/wp\/v2\/comments?post=3"}],"version-history":[{"count":5,"href":"https:\/\/www.besserezeiten.at\/battlegroup\/wp-json\/wp\/v2\/pages\/3\/revisions"}],"predecessor-version":[{"id":291,"href":"https:\/\/www.besserezeiten.at\/battlegroup\/wp-json\/wp\/v2\/pages\/3\/revisions\/291"}],"wp:attachment":[{"href":"https:\/\/www.besserezeiten.at\/battlegroup\/wp-json\/wp\/v2\/media?parent=3"}],"curies":[{"name":"wp","href":"https:\/\/api.w.org\/{rel}","templated":true}]}}