{"id":62,"date":"2020-03-20T13:42:28","date_gmt":"2020-03-20T12:42:28","guid":{"rendered":"http:\/\/www.besserezeiten.at\/battlegroup\/?page_id=62"},"modified":"2026-01-20T10:56:40","modified_gmt":"2026-01-20T09:56:40","slug":"impressum","status":"publish","type":"page","link":"https:\/\/www.besserezeiten.at\/battlegroup\/impressum\/","title":{"rendered":"BATTLEGROUP FOR ART"},"content":{"rendered":"<p><img loading=\"lazy\" decoding=\"async\" class=\"alignnone wp-image-78\" src=\"http:\/\/www.besserezeiten.at\/battlegroup\/wp-content\/uploads\/2020\/03\/PosterA1neuA.jpg\" alt=\"Kultur ist Arbeit Plakat\" width=\"497\" height=\"700\" \/><\/p>\n<p>Verein battlegroup for art<br \/>\nZVR 1122021279<\/p>\n<p>aut. architektur und tirol, BRUX Freies Theater Innsbruck, DIAMETRALE Filmfestival (Forum \u00d6sterreichischer Filmfestivals), IG Autorinnen Autoren Tirol, IG Freie Musikschaffende, IG Freie Theater Tirol, K\u00fcnstler:innen Vereinigung Tirol und K\u00fcnstler:innenhaus B\u00fcchsenhausen, Literaturhaus am Inn, p.m.k Plattform mobile Kulturinitiativen, TKI Tiroler Kulturinitiativen,<br \/>\nWEI SRAUM.Designforum Tirol,<\/p>\n<p>E-Mail: connect(a)battlegroup.at<br \/>\nWebsite: www.battlegroup.at<\/p>\n<p><a href=\"http:\/\/www.besserezeiten.at\/battlegroup\/datenschutzerklaerung\/\">Datenschutzerkl\u00e4rung<\/a><br \/>\nWordPress Theme by <a href=\"https:\/\/www.andersnoren.se\">Anders Nor\u00e9n<\/a><\/p>\n<p>&nbsp;<\/p>\n","protected":false},"excerpt":{"rendered":"<p>Verein battlegroup for art ZVR 1122021279 aut. architektur und tirol, BRUX Freies Theater Innsbruck, DIAMETRALE Filmfestival (Forum \u00d6sterreichischer Filmfestivals), IG Autorinnen Autoren Tirol, IG Freie Musikschaffende, IG Freie Theater Tirol, K\u00fcnstler:innen Vereinigung Tirol und K\u00fcnstler:innenhaus B\u00fcchsenhausen, Literaturhaus am Inn, p.m.k Plattform mobile Kulturinitiativen, TKI Tiroler Kulturinitiativen, WEI SRAUM.Designforum Tirol, E-Mail: connect(a)battlegroup.at Website: www.battlegroup.at Datenschutzerkl\u00e4rung WordPress [&hellip;]<\/p>\n","protected":false},"author":1,"featured_media":0,"parent":0,"menu_order":0,"comment_status":"closed","ping_status":"closed","template":"","meta":{"footnotes":""},"class_list":["post-62","page","type-page","status-publish","hentry","missing-thumbnail"],"rttpg_featured_image_url":null,"rttpg_author":{"display_name":false,"author_link":"https:\/\/www.besserezeiten.at\/battlegroup\/author\/battlegroup\/"},"rttpg_comment":0,"rttpg_category":null,"rttpg_excerpt":"Verein battlegroup for art ZVR 1122021279 aut. architektur und tirol, BRUX Freies Theater Innsbruck, DIAMETRALE Filmfestival (Forum \u00d6sterreichischer Filmfestivals), IG Autorinnen Autoren Tirol, IG Freie Musikschaffende, IG Freie Theater Tirol, K\u00fcnstler:innen Vereinigung Tirol und K\u00fcnstler:innenhaus B\u00fcchsenhausen, Literaturhaus am Inn, p.m.k Plattform mobile Kulturinitiativen, TKI Tiroler Kulturinitiativen, WEI SRAUM.Designforum Tirol, E-Mail: connect(a)battlegroup.at Website: www.battlegroup.at Datenschutzerkl\u00e4rung WordPress&hellip;","_links":{"self":[{"href":"https:\/\/www.besserezeiten.at\/battlegroup\/wp-json\/wp\/v2\/pages\/62","targetHints":{"allow":["GET"]}}],"collection":[{"href":"https:\/\/www.besserezeiten.at\/battlegroup\/wp-json\/wp\/v2\/pages"}],"about":[{"href":"https:\/\/www.besserezeiten.at\/battlegroup\/wp-json\/wp\/v2\/types\/page"}],"author":[{"embeddable":true,"href":"https:\/\/www.besserezeiten.at\/battlegroup\/wp-json\/wp\/v2\/users\/1"}],"replies":[{"embeddable":true,"href":"https:\/\/www.besserezeiten.at\/battlegroup\/wp-json\/wp\/v2\/comments?post=62"}],"version-history":[{"count":21,"href":"https:\/\/www.besserezeiten.at\/battlegroup\/wp-json\/wp\/v2\/pages\/62\/revisions"}],"predecessor-version":[{"id":548,"href":"https:\/\/www.besserezeiten.at\/battlegroup\/wp-json\/wp\/v2\/pages\/62\/revisions\/548"}],"wp:attachment":[{"href":"https:\/\/www.besserezeiten.at\/battlegroup\/wp-json\/wp\/v2\/media?parent=62"}],"curies":[{"name":"wp","href":"https:\/\/api.w.org\/{rel}","templated":true}]}}